{"id":3621,"date":"2022-05-12T09:35:57","date_gmt":"2022-05-12T09:35:57","guid":{"rendered":"https:\/\/gwenlake.com\/?page_id=3621"},"modified":"2022-09-13T13:02:51","modified_gmt":"2022-09-13T13:02:51","slug":"careers","status":"publish","type":"page","link":"https:\/\/gwenlake.com\/fr\/careers\/","title":{"rendered":"Careers"},"content":{"rendered":"<div data-elementor-type=\"wp-page\" data-elementor-id=\"3621\" class=\"elementor elementor-3621\" data-elementor-post-type=\"page\">\n\t\t\t\t\t\t<section class=\"elementor-section elementor-top-section elementor-element elementor-element-5768ffd elementor-section-height-min-height elementor-section-boxed elementor-section-height-default elementor-section-items-middle\" data-id=\"5768ffd\" data-element_type=\"section\" data-e-type=\"section\" data-settings=\"{&quot;background_background&quot;:&quot;gradient&quot;}\">\n\t\t\t\t\t\t\t<div class=\"elementor-background-overlay\"><\/div>\n\t\t\t\t\t\t\t<div class=\"elementor-container elementor-column-gap-default\">\n\t\t\t\t\t<div class=\"elementor-column elementor-col-100 elementor-top-column elementor-element elementor-element-7b3c0d1\" data-id=\"7b3c0d1\" data-element_type=\"column\" data-e-type=\"column\">\n\t\t\t<div class=\"elementor-widget-wrap elementor-element-populated\">\n\t\t\t\t\t\t<div class=\"elementor-element elementor-element-476e4b2 elementor-widget elementor-widget-heading\" data-id=\"476e4b2\" data-element_type=\"widget\" data-e-type=\"widget\" data-widget_type=\"heading.default\">\n\t\t\t\t<div class=\"elementor-widget-container\">\n\t\t\t\t\t<h1 class=\"elementor-heading-title elementor-size-default\">Rejoignez nos \u00e9quipes !<\/h1>\t\t\t\t<\/div>\n\t\t\t\t<\/div>\n\t\t\t\t<div class=\"elementor-element elementor-element-6e62310 elementor-widget__width-initial elementor-widget elementor-widget-text-editor\" data-id=\"6e62310\" data-element_type=\"widget\" data-e-type=\"widget\" data-widget_type=\"text-editor.default\">\n\t\t\t\t<div class=\"elementor-widget-container\">\n\t\t\t\t\t\t\t\t\t<p>Nous aidons \u00e0 la mise en place op\u00e9rationnelle d'outils d'IA, de machine learning et d'analyse de donn\u00e9es.<\/p>\t\t\t\t\t\t\t\t<\/div>\n\t\t\t\t<\/div>\n\t\t\t\t\t<\/div>\n\t\t<\/div>\n\t\t\t\t\t<\/div>\n\t\t<\/section>\n\t\t\t\t<section class=\"elementor-section elementor-top-section elementor-element elementor-element-7c26d1d elementor-section-boxed elementor-section-height-default elementor-section-height-default\" data-id=\"7c26d1d\" data-element_type=\"section\" data-e-type=\"section\">\n\t\t\t\t\t\t<div class=\"elementor-container elementor-column-gap-default\">\n\t\t\t\t\t<div class=\"elementor-column elementor-col-50 elementor-top-column elementor-element elementor-element-ef6cc30\" data-id=\"ef6cc30\" data-element_type=\"column\" data-e-type=\"column\">\n\t\t\t<div class=\"elementor-widget-wrap elementor-element-populated\">\n\t\t\t\t\t\t<div class=\"elementor-element elementor-element-567b918 elementor-widget elementor-widget-heading\" data-id=\"567b918\" data-element_type=\"widget\" data-e-type=\"widget\" data-widget_type=\"heading.default\">\n\t\t\t\t<div class=\"elementor-widget-container\">\n\t\t\t\t\t<h2 class=\"elementor-heading-title elementor-size-default\">Postes ouverts<\/h2>\t\t\t\t<\/div>\n\t\t\t\t<\/div>\n\t\t\t\t<div class=\"elementor-element elementor-element-833ad2d elementor-widget elementor-widget-text-editor\" data-id=\"833ad2d\" data-element_type=\"widget\" data-e-type=\"widget\" data-widget_type=\"text-editor.default\">\n\t\t\t\t<div class=\"elementor-widget-container\">\n\t\t\t\t\t\t\t\t\t<p>Nous avons actuellement des postes ouverts pour des data-scientists, des data-analysts, des d\u00e9veloppeurs logiciel (front et back) et des business d\u00e9veloppeurs.<\/p><p>Les candidats sont invit\u00e9s \u00e0 envoyer leur CV et une lettre de motivation \u00e0 <a href=\"mailto:info@gwenlake.com\">info@gwenlake.com<\/a>.<\/p>\t\t\t\t\t\t\t\t<\/div>\n\t\t\t\t<\/div>\n\t\t\t\t\t<\/div>\n\t\t<\/div>\n\t\t\t\t<div class=\"elementor-column elementor-col-50 elementor-top-column elementor-element elementor-element-ae29486\" data-id=\"ae29486\" data-element_type=\"column\" data-e-type=\"column\">\n\t\t\t<div class=\"elementor-widget-wrap elementor-element-populated\">\n\t\t\t\t\t\t<div class=\"elementor-element elementor-element-9ad68ff elementor-widget elementor-widget-image\" data-id=\"9ad68ff\" data-element_type=\"widget\" data-e-type=\"widget\" data-widget_type=\"image.default\">\n\t\t\t\t<div class=\"elementor-widget-container\">\n\t\t\t\t\t\t\t\t\t\t\t\t\t\t\t<img fetchpriority=\"high\" decoding=\"async\" width=\"800\" height=\"130\" src=\"https:\/\/gwenlake.com\/wp-content\/uploads\/2022\/05\/gwenlake_darkblue-1024x166.png\" class=\"attachment-large size-large wp-image-3027\" alt=\"\" srcset=\"https:\/\/gwenlake.com\/wp-content\/uploads\/2022\/05\/gwenlake_darkblue-1024x166.png 1024w, https:\/\/gwenlake.com\/wp-content\/uploads\/2022\/05\/gwenlake_darkblue-300x49.png 300w, https:\/\/gwenlake.com\/wp-content\/uploads\/2022\/05\/gwenlake_darkblue-768x124.png 768w, https:\/\/gwenlake.com\/wp-content\/uploads\/2022\/05\/gwenlake_darkblue-1536x248.png 1536w, https:\/\/gwenlake.com\/wp-content\/uploads\/2022\/05\/gwenlake_darkblue-2048x331.png 2048w, https:\/\/gwenlake.com\/wp-content\/uploads\/2022\/05\/gwenlake_darkblue-18x3.png 18w\" sizes=\"(max-width: 800px) 100vw, 800px\" \/>\t\t\t\t\t\t\t\t\t\t\t\t\t\t\t<\/div>\n\t\t\t\t<\/div>\n\t\t\t\t\t<\/div>\n\t\t<\/div>\n\t\t\t\t\t<\/div>\n\t\t<\/section>\n\t\t\t\t<\/div>","protected":false},"excerpt":{"rendered":"<p>Join our team! We help organizations by operationalizing AI, machine learning and data analytics. Current job openings We currently have vacancies for data-scientists and data-analysts, software developers and business developers. Candidates are invited to send an application letter and a resume to info@gwenlake.com.<\/p>","protected":false},"author":1,"featured_media":0,"parent":0,"menu_order":0,"comment_status":"closed","ping_status":"closed","template":"","meta":{"footnotes":""},"class_list":["post-3621","page","type-page","status-publish","hentry"],"_links":{"self":[{"href":"https:\/\/gwenlake.com\/fr\/wp-json\/wp\/v2\/pages\/3621","targetHints":{"allow":["GET"]}}],"collection":[{"href":"https:\/\/gwenlake.com\/fr\/wp-json\/wp\/v2\/pages"}],"about":[{"href":"https:\/\/gwenlake.com\/fr\/wp-json\/wp\/v2\/types\/page"}],"author":[{"embeddable":true,"href":"https:\/\/gwenlake.com\/fr\/wp-json\/wp\/v2\/users\/1"}],"replies":[{"embeddable":true,"href":"https:\/\/gwenlake.com\/fr\/wp-json\/wp\/v2\/comments?post=3621"}],"version-history":[{"count":128,"href":"https:\/\/gwenlake.com\/fr\/wp-json\/wp\/v2\/pages\/3621\/revisions"}],"predecessor-version":[{"id":4938,"href":"https:\/\/gwenlake.com\/fr\/wp-json\/wp\/v2\/pages\/3621\/revisions\/4938"}],"wp:attachment":[{"href":"https:\/\/gwenlake.com\/fr\/wp-json\/wp\/v2\/media?parent=3621"}],"curies":[{"name":"wp","href":"https:\/\/api.w.org\/{rel}","templated":true}]}}