{"id":5226,"date":"2023-06-01T14:54:24","date_gmt":"2023-06-01T14:54:24","guid":{"rendered":"https:\/\/gwenlake.com\/?page_id=5226"},"modified":"2023-06-01T15:05:06","modified_gmt":"2023-06-01T15:05:06","slug":"privacy-policy","status":"publish","type":"page","link":"https:\/\/gwenlake.com\/fr\/privacy-policy\/","title":{"rendered":"Politique de confidentialit\u00e9"},"content":{"rendered":"<div data-elementor-type=\"wp-page\" data-elementor-id=\"5226\" class=\"elementor elementor-5226\" data-elementor-post-type=\"page\">\n\t\t\t\t\t\t<section class=\"elementor-section elementor-top-section elementor-element elementor-element-78a685e elementor-section-height-min-height elementor-section-boxed elementor-section-height-default elementor-section-items-middle\" data-id=\"78a685e\" data-element_type=\"section\" data-e-type=\"section\" data-settings=\"{&quot;background_background&quot;:&quot;gradient&quot;,&quot;shape_divider_bottom&quot;:&quot;opacity-tilt&quot;}\">\n\t\t\t\t\t\t\t<div class=\"elementor-background-overlay\"><\/div>\n\t\t\t\t\t\t<div class=\"elementor-shape elementor-shape-bottom\" aria-hidden=\"true\" data-negative=\"false\">\n\t\t\t<svg xmlns=\"http:\/\/www.w3.org\/2000\/svg\" viewbox=\"0 0 2600 131.1\" preserveaspectratio=\"none\">\n\t<path class=\"elementor-shape-fill\" d=\"M0 0L2600 0 2600 69.1 0 0z\"\/>\n\t<path class=\"elementor-shape-fill\" style=\"opacity:0.5\" d=\"M0 0L2600 0 2600 69.1 0 69.1z\"\/>\n\t<path class=\"elementor-shape-fill\" style=\"opacity:0.25\" d=\"M2600 0L0 0 0 130.1 2600 69.1z\"\/>\n<\/svg>\t\t<\/div>\n\t\t\t\t\t<div class=\"elementor-container elementor-column-gap-default\">\n\t\t\t\t\t<div class=\"elementor-column elementor-col-100 elementor-top-column elementor-element elementor-element-98ab3d7\" data-id=\"98ab3d7\" data-element_type=\"column\" data-e-type=\"column\">\n\t\t\t<div class=\"elementor-widget-wrap elementor-element-populated\">\n\t\t\t\t\t\t<div class=\"elementor-element elementor-element-2a67519 elementor-widget elementor-widget-heading\" data-id=\"2a67519\" data-element_type=\"widget\" data-e-type=\"widget\" data-widget_type=\"heading.default\">\n\t\t\t\t<div class=\"elementor-widget-container\">\n\t\t\t\t\t<h1 class=\"elementor-heading-title elementor-size-default\">Politique de confidentialit\u00e9<\/h1>\t\t\t\t<\/div>\n\t\t\t\t<\/div>\n\t\t\t\t\t<\/div>\n\t\t<\/div>\n\t\t\t\t\t<\/div>\n\t\t<\/section>\n\t\t\t\t<section class=\"elementor-section elementor-top-section elementor-element elementor-element-9e3e040 elementor-section-boxed elementor-section-height-default elementor-section-height-default\" data-id=\"9e3e040\" data-element_type=\"section\" data-e-type=\"section\">\n\t\t\t\t\t\t<div class=\"elementor-container elementor-column-gap-default\">\n\t\t\t\t\t<div class=\"elementor-column elementor-col-100 elementor-top-column elementor-element elementor-element-f44d77b\" data-id=\"f44d77b\" data-element_type=\"column\" data-e-type=\"column\">\n\t\t\t<div class=\"elementor-widget-wrap elementor-element-populated\">\n\t\t\t\t\t\t<div class=\"elementor-element elementor-element-d80bb76 elementor-widget elementor-widget-text-editor\" data-id=\"d80bb76\" data-element_type=\"widget\" data-e-type=\"widget\" data-widget_type=\"text-editor.default\">\n\t\t\t\t<div class=\"elementor-widget-container\">\n\t\t\t\t\t\t\t\t\t<p>Bienvenue sur Gwenlake, le site Web de Gwenlake SAS (\u201c Gwenlake \u201d, \u201c nous \u201d). Notre politique de confidentialit\u00e9 explique comment nous collectons, utilisons, divulguons et prot\u00e9geons les informations qui s'appliquent aux services Gwenlake, ainsi que les choix qui s'offrent \u00e0 vous en ce qui concerne la collecte et l'utilisation de vos informations.<\/p><h4>\u00a0<\/h4><h4><strong>Comment nous collectons et utilisons les informations<\/strong><\/h4><div><span style=\"color: var( --e-global-color-text ); font-family: var( --e-global-typography-text-font-family ), Sans-serif; font-weight: var( --e-global-typography-text-font-weight ); font-size: 1rem;\">Les termes qui ne sont pas d\u00e9finis dans la pr\u00e9sente politique de confidentialit\u00e9 ont la signification qui leur est donn\u00e9e dans les conditions de service de Gwenlake.<\/span><\/div><div><span style=\"color: var( --e-global-color-text ); font-family: var( --e-global-typography-text-font-family ), Sans-serif; font-weight: var( --e-global-typography-text-font-weight ); font-size: 1rem;\">\u00a0<\/span><\/div><p>Nous recueillons les types d'informations suivants \u00e0 votre sujet :<\/p><p>Informations que vous nous fournissez directement : Nous vous demandons certaines informations telles que votre nom d'utilisateur, votre pr\u00e9nom et votre nom de famille, le nom de votre soci\u00e9t\u00e9, votre num\u00e9ro de t\u00e9l\u00e9phone et votre adresse \u00e9lectronique lorsque vous vous inscrivez \u00e0 un compte Gwenlake, ou si vous correspondez avec nous. Nous pouvons \u00e9galement conserver les messages que vous envoyez par l'interm\u00e9diaire des services Gwenlake et recueillir les informations que vous fournissez dans le contenu utilisateur que vous publiez sur les services Gwenlake. Nous utilisons ces informations pour exploiter, maintenir et vous fournir les caract\u00e9ristiques et fonctionnalit\u00e9s des services Gwenlake.<\/p><p>Informations analytiques : Nous pouvons collecter directement des donn\u00e9es d'analyse ou utiliser des outils d'analyse tiers pour nous aider \u00e0 mesurer le trafic et les tendances d'utilisation des services Gwenlake. Ces outils collectent des informations envoy\u00e9es par votre navigateur, y compris les pages que vous visitez et d'autres informations qui nous aident \u00e0 am\u00e9liorer les services Gwenlake. Nous collectons et utilisons ces informations analytiques sous forme agr\u00e9g\u00e9e, de sorte qu'elles ne peuvent raisonnablement pas \u00eatre manipul\u00e9es pour identifier un utilisateur individuel particulier.<\/p><p>Informations sur les cookies : Lorsque vous visitez les services Gwenlake, nous pouvons envoyer un ou plusieurs cookies - un petit fichier texte contenant une cha\u00eene de caract\u00e8res alphanum\u00e9riques - \u00e0 votre ordinateur qui identifie de mani\u00e8re unique votre navigateur et permet \u00e0 Gwenlake de vous aider \u00e0 vous connecter plus rapidement et d'am\u00e9liorer votre navigation sur le site. Un cookie peut \u00e9galement nous transmettre des informations sur la mani\u00e8re dont vous utilisez les services Gwenlake (par exemple, les pages que vous consultez, les liens sur lesquels vous cliquez et les autres actions que vous effectuez sur les services Gwenlake), et nous permettre, \u00e0 nous ou \u00e0 nos partenaires commerciaux, de suivre votre utilisation des services Gwenlake au fil du temps. Un cookie persistant reste sur votre disque dur apr\u00e8s la fermeture de votre navigateur. Les cookies persistants peuvent \u00eatre utilis\u00e9s par votre navigateur lors de vos visites ult\u00e9rieures sur le site. Les cookies persistants peuvent \u00eatre supprim\u00e9s en suivant les instructions de votre navigateur web. Un cookie de session est temporaire et dispara\u00eet lorsque vous fermez votre navigateur. Vous pouvez r\u00e9initialiser votre navigateur web pour refuser tous les cookies ou pour indiquer quand un cookie est envoy\u00e9. Toutefois, certaines fonctionnalit\u00e9s des services Gwenlake peuvent ne pas fonctionner correctement si la capacit\u00e9 d'accepter les cookies est d\u00e9sactiv\u00e9e.<\/p><p>Informations sur les fichiers journaux : Les informations du fichier journal sont automatiquement rapport\u00e9es par votre navigateur chaque fois que vous acc\u00e9dez aux services Gwenlake. Lorsque vous utilisez nos services Gwenlake, nos serveurs enregistrent automatiquement certaines informations de fichier journal. Ces journaux de serveur peuvent inclure des informations anonymes telles que votre demande Web, votre adresse de protocole Internet (\u201cIP\u201d), votre type de navigateur, les pages et URL de r\u00e9f\u00e9rence\/sortie, le nombre de clics et la mani\u00e8re dont vous interagissez avec les liens sur les services Gwenlake, les noms de domaine, les pages de destination, les pages consult\u00e9es et d'autres informations de ce type.<\/p><p>Informations sur les pixels invisibles : Lorsque vous utilisez les services de Gwenlake, nous pouvons utiliser des pixels invisibles (\u00e9galement connus sous le nom de balises Web) qui sont utilis\u00e9s pour suivre de mani\u00e8re anonyme les habitudes d'utilisation en ligne de nos utilisateurs. En outre, nous pouvons \u00e9galement utiliser des pixels invisibles dans les courriers \u00e9lectroniques au format HTML envoy\u00e9s \u00e0 nos utilisateurs afin de savoir quels courriers \u00e9lectroniques sont ouverts et quels liens sont cliqu\u00e9s par les destinataires. Ces informations permettent d'\u00e9tablir des rapports plus pr\u00e9cis et d'am\u00e9liorer les services de Gwenlake.<\/p><p>Communications commerciales et marketing : Nous utilisons les informations que nous collectons ou recevons pour communiquer directement avec vous. Nous pouvons vous envoyer des courriels contenant des bulletins d'information, des promotions et des offres sp\u00e9ciales. Si vous ne souhaitez pas recevoir ces messages \u00e9lectroniques, vous aurez la possibilit\u00e9 de vous d\u00e9sinscrire ou de modifier vos pr\u00e9f\u00e9rences. Nous utilisons \u00e9galement vos informations pour vous envoyer des courriers \u00e9lectroniques relatifs aux services Gwenlake (par exemple, v\u00e9rification du compte, confirmations et rappels d'achat et de facturation, modifications\/mises \u00e0 jour des fonctionnalit\u00e9s des services Gwenlake, avis techniques et de s\u00e9curit\u00e9). Vous ne pouvez pas refuser de recevoir les courriers \u00e9lectroniques li\u00e9s aux services Gwenlake.<\/p><p>Utilisation de certains types de services informations que nous recueillons \u00e0 votre sujet : Nous utilisons ou pouvons utiliser des cookies, des fichiers journaux, des identificateurs d'appareils, des donn\u00e9es de localisation et des informations sur les pixels invisibles pour : (a) m\u00e9moriser les informations afin que vous n'ayez pas \u00e0 les saisir \u00e0 nouveau pendant votre visite ou lors de votre prochaine visite sur le site ; (b) fournir un contenu et des informations personnalis\u00e9s ; (c) fournir et contr\u00f4ler l'efficacit\u00e9 de nos services Gwenlake ; (d) contr\u00f4ler les mesures globales telles que le nombre total de visiteurs, le trafic et les mod\u00e8les d\u00e9mographiques ; (e) diagnostiquer ou r\u00e9soudre les probl\u00e8mes technologiques ; et (f) vous aider \u00e0 acc\u00e9der efficacement \u00e0 vos informations apr\u00e8s vous \u00eatre connect\u00e9.<\/p><h4>\u00a0<\/h4><h4><strong style=\"background-color: transparent; color: var( --e-global-color-text ); font-family: var( --e-global-typography-text-font-family ), Sans-serif;\">Partage de vos informations<\/strong><\/h4><p>Nous ne louerons ni ne vendrons vos informations \u00e0 des tiers ext\u00e9rieurs \u00e0 Gwenlake et aux soci\u00e9t\u00e9s de son groupe (y compris les soci\u00e9t\u00e9s m\u00e8res, les filiales et les soci\u00e9t\u00e9s affili\u00e9es) sans votre consentement, sauf dans les cas mentionn\u00e9s ci-dessous :<\/p><p>Avec qui pouvons-nous partager vos informations ? Nous pouvons partager vos informations avec des partenaires commerciaux tiers dans le but de vous fournir les services Gwenlake. Ces partenaires commerciaux auront un acc\u00e8s limit\u00e9 \u00e0 vos informations dans la mesure o\u00f9 cela est raisonnablement n\u00e9cessaire pour fournir les services Gwenlake, et nous exigerons que ces tiers se conforment \u00e0 la pr\u00e9sente politique de confidentialit\u00e9.<\/p><p>Que se passe-t-il en cas de changement de contr\u00f4le ? Nous pouvons acheter ou vendre\/c\u00e9der\/transf\u00e9rer Gwenlake (y compris toute action dans Gwenlake), ou toute combinaison de ses produits, services, actifs et\/ou activit\u00e9s. Vos informations, telles que les noms et adresses \u00e9lectroniques des clients, le contenu de l'utilisateur et d'autres informations relatives aux services de Gwenlake, peuvent faire partie des \u00e9l\u00e9ments vendus ou transf\u00e9r\u00e9s dans le cadre de ce type de transactions. Nous pouvons \u00e9galement vendre, c\u00e9der ou transf\u00e9rer ces informations dans le cadre de cessions d'entreprises, de fusions, d'acquisitions, de faillites, de dissolutions, de r\u00e9organisations, de liquidations, de transactions ou de proc\u00e9dures similaires impliquant tout ou partie de Gwenlake.<\/p><p>Cas o\u00f9 nous sommes tenus de partager vos informations : Gwenlake divulguera vos informations si la loi ou une citation \u00e0 compara\u00eetre l'exige ou si nous pensons raisonnablement qu'une telle action est n\u00e9cessaire pour (a) se conformer \u00e0 la loi et aux demandes raisonnables des forces de l'ordre ; (b) faire respecter nos conditions de service Gwenlake ou prot\u00e9ger la s\u00e9curit\u00e9 ou l'int\u00e9grit\u00e9 de nos services Gwenlake ; et\/ou (c) exercer ou prot\u00e9ger les droits, la propri\u00e9t\u00e9 ou la s\u00e9curit\u00e9 personnelle de Gwenlake, de nos utilisateurs ou d'autres personnes.<\/p><p>Partage de certaines informations de type service que nous recueillons \u00e0 votre sujet : Nous pouvons partager certaines informations de type service, y compris les informations obtenues par le biais d'outils tels que les cookies, les fichiers journaux et les pixels invisibles (telles que les donn\u00e9es d'utilisation anonymes, les pages et URL de renvoi\/sortie, les types de plateformes, le nombre de clics, etc :) (i) avec nos partenaires commerciaux tiers aux fins d\u00e9crites dans la section ci-dessus intitul\u00e9e \u201cComment nous collectons et utilisons les informations\u201d. Nous pouvons \u00e9galement agr\u00e9ger ou d\u00e9pouiller les donn\u00e9es de toutes les caract\u00e9ristiques d'identification personnelle et partager ces donn\u00e9es agr\u00e9g\u00e9es et anonymes avec des tiers.<\/p><p>\u00a0<\/p><h4><strong> Comment nous conservons et prot\u00e9geons vos informations<\/strong><\/h4><div>Stockage et traitement : Vos informations collect\u00e9es par le biais des services Gwenlake peuvent \u00eatre stock\u00e9es et trait\u00e9es aux \u00c9tats-Unis ou dans tout autre pays dans lequel Gwenlake ou ses filiales, soci\u00e9t\u00e9s affili\u00e9es ou prestataires de services disposent d'installations. Gwenlake peut transf\u00e9rer les informations que nous recueillons \u00e0 votre sujet, y compris les informations personnelles, \u00e0 des entit\u00e9s affili\u00e9es ou \u00e0 d'autres tiers au-del\u00e0 des fronti\u00e8res et de votre pays ou juridiction \u00e0 d'autres pays ou juridictions dans le monde. Si vous \u00eates situ\u00e9 aux \u00c9tats-Unis ou dans d'autres r\u00e9gions dont les lois r\u00e9gissant la collecte et l'utilisation des donn\u00e9es peuvent diff\u00e9rer de celles de l'Union europ\u00e9enne, veuillez noter que nous pouvons transf\u00e9rer des informations, y compris des informations personnelles, vers un pays et une juridiction qui n'ont pas les m\u00eames lois de protection des donn\u00e9es que votre juridiction, et vous consentez au transfert d'informations vers l'Union europ\u00e9enne ou tout autre pays dans lequel Gwenlake ou sa soci\u00e9t\u00e9 m\u00e8re, ses filiales, ses soci\u00e9t\u00e9s affili\u00e9es ou ses prestataires de services poss\u00e8dent des installations, ainsi qu'\u00e0 l'utilisation et \u00e0 la divulgation d'informations vous concernant, comme d\u00e9crit dans la pr\u00e9sente politique de confidentialit\u00e9.<\/div><p>Pr\u00e9server la s\u00e9curit\u00e9 de vos informations : Gwenlake se soucie de la s\u00e9curit\u00e9 de vos informations et utilise des mesures de protection commercialement raisonnables pour pr\u00e9server l'int\u00e9grit\u00e9 et la s\u00e9curit\u00e9 de toutes les informations collect\u00e9es par le biais des services Gwenlake. Pour prot\u00e9ger votre vie priv\u00e9e et votre s\u00e9curit\u00e9, nous prenons des mesures raisonnables (telles que la demande d'un mot de passe unique) pour v\u00e9rifier votre identit\u00e9 avant de vous donner acc\u00e8s \u00e0 votre compte. Il vous incombe de pr\u00e9server la confidentialit\u00e9 de votre mot de passe unique et des informations relatives \u00e0 votre compte, ainsi que de contr\u00f4ler l'acc\u00e8s \u00e0 vos communications \u00e9lectroniques avec Gwenlake, \u00e0 tout moment. Toutefois, Gwenlake ne peut pas assurer ou garantir la s\u00e9curit\u00e9 des informations que vous transmettez \u00e0 Gwenlake ou garantir que les informations sur les services Gwenlake ne peuvent pas \u00eatre consult\u00e9es, divulgu\u00e9es, modifi\u00e9es ou d\u00e9truites. Vos param\u00e8tres de confidentialit\u00e9 peuvent \u00e9galement \u00eatre affect\u00e9s par des modifications de la fonctionnalit\u00e9 des sites et services tiers que vous ajoutez aux services Gwenlake, tels que les r\u00e9seaux sociaux. Gwenlake n'est pas responsable de la fonctionnalit\u00e9 ou des mesures de s\u00e9curit\u00e9 d'un tiers.<\/p><p>Compromission de l'information : Dans l'\u00e9ventualit\u00e9 o\u00f9 des renseignements sous notre contr\u00f4le seraient compromis \u00e0 la suite d'une violation de la s\u00e9curit\u00e9, Gwenlake prendra des mesures raisonnables pour enqu\u00eater sur la situation et, le cas \u00e9ch\u00e9ant, aviser les personnes dont les renseignements pourraient avoir \u00e9t\u00e9 compromis et prendre d'autres mesures, conform\u00e9ment aux lois et aux r\u00e8glements applicables.<\/p><p>\u00a0<\/p><h4><strong> Vos choix concernant vos informations<\/strong><\/h4><div>Vous contr\u00f4lez les informations et les param\u00e8tres de votre compte : Vous pouvez \u00e0 tout moment mettre \u00e0 jour les informations relatives \u00e0 votre compte et vos pr\u00e9f\u00e9rences en mati\u00e8re de communication par courrier \u00e9lectronique en vous connectant \u00e0 votre compte et en modifiant les param\u00e8tres de votre profil. Vous pouvez \u00e9galement cesser de recevoir des communications promotionnelles par courrier \u00e9lectronique de notre part en cliquant sur le \u201clien de d\u00e9sinscription\u201d figurant dans ces communications. Nous nous effor\u00e7ons de traiter rapidement toutes les demandes de d\u00e9sinscription. Comme indiqu\u00e9 ci-dessus, vous ne pouvez pas vous d\u00e9sabonner des communications li\u00e9es aux services Gwenlake (par exemple, v\u00e9rification du compte, confirmations et rappels d'achat et de facturation, modifications\/mises \u00e0 jour des fonctionnalit\u00e9s des services Gwenlake, avis techniques et de s\u00e9curit\u00e9). Si vous avez des questions concernant la r\u00e9vision ou la modification des informations de votre compte, vous pouvez nous contacter directement \u00e0 l'adresse info@gwenlake.com.<\/div><p>Refus de la collecte de vos informations \u00e0 des fins de suivi : Veuillez consulter les informations techniques de votre navigateur pour savoir comment supprimer et d\u00e9sactiver les cookies et autres outils de suivi\/enregistrement. Notez que la d\u00e9sactivation des cookies et\/ou d'autres outils de suivi emp\u00eache Gwenlake ou ses partenaires commerciaux de suivre les activit\u00e9s de votre navigateur en relation avec les services Gwenlake. Toutefois, cette d\u00e9sactivation peut entra\u00eener la d\u00e9sactivation de nombreuses fonctionnalit\u00e9s disponibles par le biais des services de Gwenlake. Si vous avez des questions sur le refus de la collecte de cookies et d'autres outils de suivi\/enregistrement, vous pouvez nous contacter directement \u00e0 l'adresse info@gwenlake.com.<\/p><p>Dur\u00e9e de conservation de votre contenu utilisateur : Apr\u00e8s la r\u00e9siliation ou la d\u00e9sactivation de votre compte utilisateur, Gwenlake peut conserver vos informations de profil et votre contenu utilisateur pendant une p\u00e9riode commercialement raisonnable \u00e0 des fins de sauvegarde, d'archivage ou d'audit.<\/p><p>\u00a0<\/p><h4><strong> Vie priv\u00e9e des enfants<\/strong><\/h4><p>Gwenlake ne recueille ni ne sollicite sciemment des informations aupr\u00e8s de personnes \u00e2g\u00e9es de moins de 13 ans et n'autorise pas sciemment ces personnes \u00e0 s'inscrire en tant qu'utilisateurs. Les Services Gwenlake et leur contenu ne sont pas destin\u00e9s aux enfants de moins de 13 ans. Si nous apprenons que nous avons recueilli des informations personnelles aupr\u00e8s d'un enfant de moins de 13 ans, nous supprimerons ces informations dans les plus brefs d\u00e9lais. Si vous pensez que nous pourrions d\u00e9tenir des informations concernant un enfant de moins de 13 ans, veuillez nous contacter \u00e0 l'adresse support@gwenlake.com.<\/p><p>\u00a0<\/p><h4><strong> Liens vers d'autres sites web et services<\/strong><\/h4><div>Nous ne sommes pas responsables des pratiques employ\u00e9es par les sites Web ou les services li\u00e9s aux Services Gwenlake ou \u00e0 partir de ceux-ci, y compris les informations ou le contenu qu'ils contiennent. N'oubliez pas que lorsque vous utilisez un lien pour passer des services Gwenlake \u00e0 un autre site Web, notre politique de confidentialit\u00e9 ne s'applique pas aux sites Web ou services de tiers. Votre navigation et votre interaction sur tout site web ou service tiers, y compris ceux qui ont un lien sur notre site web, sont soumises aux r\u00e8gles et politiques propres \u00e0 ce tiers. En outre, vous acceptez que nous ne soyons pas responsables et que nous n'ayons aucun contr\u00f4le sur les tiers que vous autorisez \u00e0 acc\u00e9der \u00e0 votre contenu utilisateur. Si vous utilisez le site web ou le service d'un tiers et que vous autorisez ce tiers \u00e0 acc\u00e9der \u00e0 votre contenu utilisateur, vous le faites \u00e0 vos propres risques. La pr\u00e9sente politique de confidentialit\u00e9 ne s'applique pas aux informations que nous recueillons par d'autres moyens (y compris hors ligne) ou \u00e0 partir d'autres sources que les services Gwenlake.<\/div><div>\u00a0<\/div><h4><strong> Comment nous contacter<\/strong><\/h4><p>Si vous avez des questions concernant la pr\u00e9sente politique de confidentialit\u00e9 ou les services de Gwenlake, veuillez nous contacter \u00e0 l'adresse info@gwenlake.com.<\/p><p>\u00a0<\/p><h4><strong> Modifications de notre politique de confidentialit\u00e9<\/strong><\/h4><div>Gwenlake peut modifier ou mettre \u00e0 jour la pr\u00e9sente politique de confidentialit\u00e9 de temps \u00e0 autre afin de refl\u00e9ter les changements dans nos activit\u00e9s et nos pratiques, et vous devez donc consulter cette page r\u00e9guli\u00e8rement. Lorsque nous modifions la politique de mani\u00e8re substantielle, nous vous en informons et mettons \u00e0 jour la date de \u2018derni\u00e8re modification\u2019 au bas de cette page.<\/div><p>\u00a0<\/p><p>La pr\u00e9sente politique de confidentialit\u00e9 a \u00e9t\u00e9 modifi\u00e9e pour la derni\u00e8re fois le 30 mai 2023.<\/p>\t\t\t\t\t\t\t\t<\/div>\n\t\t\t\t<\/div>\n\t\t\t\t\t<\/div>\n\t\t<\/div>\n\t\t\t\t\t<\/div>\n\t\t<\/section>\n\t\t\t\t<\/div>","protected":false},"excerpt":{"rendered":"<p>Privacy Policy Welcome to Gwenlake, the website of Gwenlake SAS (\u201cGwenlake,\u201d \u201cwe,\u201d or \u201cus\u201d). Our Privacy Policy explains how we collect, use, disclose, and protect information that applies to the Gwenlake Services, and your choices about the collection and use of your information. \u00a0 How we collect and use information Terms that are not defined [&hellip;]<\/p>\n","protected":false},"author":1,"featured_media":0,"parent":0,"menu_order":0,"comment_status":"closed","ping_status":"closed","template":"elementor_header_footer","meta":{"footnotes":""},"class_list":["post-5226","page","type-page","status-publish","hentry"],"_links":{"self":[{"href":"https:\/\/gwenlake.com\/fr\/wp-json\/wp\/v2\/pages\/5226","targetHints":{"allow":["GET"]}}],"collection":[{"href":"https:\/\/gwenlake.com\/fr\/wp-json\/wp\/v2\/pages"}],"about":[{"href":"https:\/\/gwenlake.com\/fr\/wp-json\/wp\/v2\/types\/page"}],"author":[{"embeddable":true,"href":"https:\/\/gwenlake.com\/fr\/wp-json\/wp\/v2\/users\/1"}],"replies":[{"embeddable":true,"href":"https:\/\/gwenlake.com\/fr\/wp-json\/wp\/v2\/comments?post=5226"}],"version-history":[{"count":16,"href":"https:\/\/gwenlake.com\/fr\/wp-json\/wp\/v2\/pages\/5226\/revisions"}],"predecessor-version":[{"id":5242,"href":"https:\/\/gwenlake.com\/fr\/wp-json\/wp\/v2\/pages\/5226\/revisions\/5242"}],"wp:attachment":[{"href":"https:\/\/gwenlake.com\/fr\/wp-json\/wp\/v2\/media?parent=5226"}],"curies":[{"name":"wp","href":"https:\/\/api.w.org\/{rel}","templated":true}]}}